{"id":3197,"date":"2025-05-29T13:14:51","date_gmt":"2025-05-29T12:14:51","guid":{"rendered":"https:\/\/meating.rest\/?page_id=3197"},"modified":"2025-05-29T14:41:56","modified_gmt":"2025-05-29T13:41:56","slug":"projekty","status":"publish","type":"page","link":"https:\/\/meating.rest\/en\/projekty\/","title":{"rendered":"Projekty"},"content":{"rendered":"<div id=\"steki\" class=\"wp-block-uagb-container uagb-block-b8856427 alignfull uagb-is-root-container\"><div class=\"uagb-container-inner-blocks-wrap\">\n<div style=\"height:30px\" aria-hidden=\"true\" class=\"wp-block-spacer\"><\/div>\n\n\n\n<div class=\"wp-block-uagb-advanced-heading uagb-block-726b7257\"><h1 class=\"uagb-heading-text\">Projekty<\/h1><\/div>\n\n\n\n<div style=\"height:30px\" aria-hidden=\"true\" class=\"wp-block-spacer\"><\/div>\n\n\n\n<figure class=\"wp-block-image size-full\"><img loading=\"lazy\" decoding=\"async\" width=\"2560\" height=\"328\" src=\"https:\/\/meating.rest\/wp-content\/uploads\/2025\/05\/KPO_barwy_RP_NextGenerationEU_poziom_zestawienie_podstawowe__RGB-scaled.jpg\" alt=\"\" class=\"wp-image-3254\" srcset=\"https:\/\/meating.rest\/wp-content\/uploads\/2025\/05\/KPO_barwy_RP_NextGenerationEU_poziom_zestawienie_podstawowe__RGB-scaled.jpg 2560w, https:\/\/meating.rest\/wp-content\/uploads\/2025\/05\/KPO_barwy_RP_NextGenerationEU_poziom_zestawienie_podstawowe__RGB-300x38.jpg 300w, https:\/\/meating.rest\/wp-content\/uploads\/2025\/05\/KPO_barwy_RP_NextGenerationEU_poziom_zestawienie_podstawowe__RGB-1024x131.jpg 1024w, https:\/\/meating.rest\/wp-content\/uploads\/2025\/05\/KPO_barwy_RP_NextGenerationEU_poziom_zestawienie_podstawowe__RGB-768x98.jpg 768w, https:\/\/meating.rest\/wp-content\/uploads\/2025\/05\/KPO_barwy_RP_NextGenerationEU_poziom_zestawienie_podstawowe__RGB-1536x197.jpg 1536w, https:\/\/meating.rest\/wp-content\/uploads\/2025\/05\/KPO_barwy_RP_NextGenerationEU_poziom_zestawienie_podstawowe__RGB-2048x262.jpg 2048w, https:\/\/meating.rest\/wp-content\/uploads\/2025\/05\/KPO_barwy_RP_NextGenerationEU_poziom_zestawienie_podstawowe__RGB-18x2.jpg 18w\" sizes=\"auto, (max-width: 2560px) 100vw, 2560px\" \/><\/figure>\n\n\n\n<div class=\"wp-block-uagb-advanced-heading uagb-block-ac0b6881\"><h2 class=\"uagb-heading-text\"><strong>Tytu\u0142 projektu:<\/strong> Dywersyfikacja firmy Forstaff Sp. z o. o.<\/h2><\/div>\n\n\n\n<div style=\"height:10px\" aria-hidden=\"true\" class=\"wp-block-spacer\"><\/div>\n\n\n\n<p class=\"has-ast-global-color-4-color has-text-color has-link-color wp-elements-93b364eadad4b552d889f9a06d4c92de\">W ramach projektu: zamierzamy rozszerzy\u0107 dzia\u0142alno\u015b\u0107 firmy Forstaff Sp. z o. o. o catering i mo\u017cliwo\u015b\u0107 zamawiania diety pude\u0142kowej.<br>W tym celu realizujemy nast\u0119puj\u0105ce dzia\u0142ania:<\/p>\n\n\n\n<ul class=\"wp-block-list has-ast-global-color-4-color has-text-color has-link-color wp-elements-595009f6b56e77d0085cba99b8138a7d\">\n<li>doposa\u017cenie kuchni pod k\u0105tem cateringu i diety pude\u0142kowej.<\/li>\n\n\n\n<li>zakup rower\u00f3w elektrycznych do ekologicznego rozwo\u017cenia posi\u0142k\u00f3w w ramach zielonej transformacji.<\/li>\n\n\n\n<li>cyfrowa transformacja polegaj\u0105ca na stworzeniu strony internetowej z mo\u017cliwo\u015bci\u0105 dostawy i diety pude\u0142kowej i zoptymalizowanie jej pod k\u0105tem SEO i stworzenie fanpage&#8217;a i instagrama oraz zabezpieczeniu sieci przed hakerami, stworzenie 2 serwer\u00f3w backup&#8217;owych, cyfryzacj\u0119 dokument\u00f3w, zakup 2 laptop\u00f3w i urz\u0105dzenia wielofunkcyjnego)<\/li>\n\n\n\n<li>zamontowanie profesjonalnej wentylacji i wymian\u0119 nieszczelnej witryny<\/li>\n\n\n\n<li>szkolenia personelu i kadry menad\u017cerskiej z zakresu obs\u0142ugi POS-\u00f3w, zam\u00f3wie\u0144 i nowych rozwi\u0105za\u0144 internetowych oraz obs\u0142ugi nowoczesnych urz\u0105dze\u0144 kuchennych<\/li>\n<\/ul>\n\n\n\n<div style=\"height:10px\" aria-hidden=\"true\" class=\"wp-block-spacer\"><\/div>\n\n\n\n<p class=\"has-ast-global-color-4-color has-text-color has-link-color has-medium-font-size wp-elements-85ddfa1474a0b1b76227fde074b14912\"><strong>Ca\u0142kowita warto\u015b\u0107 projektu:<\/strong> 596898.70<br><strong>dofinansowanie z Funduszy Europejskich: <\/strong>432143.51<\/p>\n\n\n\n<div style=\"height:40px\" aria-hidden=\"true\" class=\"wp-block-spacer\"><\/div>\n\n\n\n<figure class=\"wp-block-image size-full\"><img loading=\"lazy\" decoding=\"async\" width=\"2482\" height=\"1755\" src=\"https:\/\/meating.rest\/wp-content\/uploads\/2025\/05\/KPO_plakat-A3_poziom_Forstaff_page-0001.jpg\" alt=\"\" class=\"wp-image-3242\" srcset=\"https:\/\/meating.rest\/wp-content\/uploads\/2025\/05\/KPO_plakat-A3_poziom_Forstaff_page-0001.jpg 2482w, https:\/\/meating.rest\/wp-content\/uploads\/2025\/05\/KPO_plakat-A3_poziom_Forstaff_page-0001-300x212.jpg 300w, https:\/\/meating.rest\/wp-content\/uploads\/2025\/05\/KPO_plakat-A3_poziom_Forstaff_page-0001-1024x724.jpg 1024w, https:\/\/meating.rest\/wp-content\/uploads\/2025\/05\/KPO_plakat-A3_poziom_Forstaff_page-0001-768x543.jpg 768w, https:\/\/meating.rest\/wp-content\/uploads\/2025\/05\/KPO_plakat-A3_poziom_Forstaff_page-0001-1536x1086.jpg 1536w, https:\/\/meating.rest\/wp-content\/uploads\/2025\/05\/KPO_plakat-A3_poziom_Forstaff_page-0001-2048x1448.jpg 2048w, https:\/\/meating.rest\/wp-content\/uploads\/2025\/05\/KPO_plakat-A3_poziom_Forstaff_page-0001-18x12.jpg 18w\" sizes=\"auto, (max-width: 2482px) 100vw, 2482px\" \/><\/figure>\n\n\n\n<div style=\"height:80px\" aria-hidden=\"true\" class=\"wp-block-spacer\"><\/div>\n<\/div><\/div>\n\n\n\n<p><\/p>","protected":false},"excerpt":{"rendered":"<p>Projekty Tytu\u0142 projektu: Dywersyfikacja firmy Forstaff Sp. z o. o. W ramach projektu: zamierzamy rozszerzy\u0107 dzia\u0142alno\u015b\u0107 firmy Forstaff Sp. z o. o. o catering i mo\u017cliwo\u015b\u0107 zamawiania diety pude\u0142kowej.W tym celu realizujemy nast\u0119puj\u0105ce dzia\u0142ania: Ca\u0142kowita warto\u015b\u0107 projektu: 596898.70dofinansowanie z Funduszy Europejskich: 432143.51<\/p>","protected":false},"author":1,"featured_media":0,"parent":0,"menu_order":0,"comment_status":"closed","ping_status":"closed","template":"","meta":{"_uag_custom_page_level_css":"","site-sidebar-layout":"default","site-content-layout":"","ast-site-content-layout":"full-width-container","site-content-style":"default","site-sidebar-style":"default","ast-global-header-display":"","ast-banner-title-visibility":"","ast-main-header-display":"","ast-hfb-above-header-display":"","ast-hfb-below-header-display":"","ast-hfb-mobile-header-display":"","site-post-title":"disabled","ast-breadcrumbs-content":"","ast-featured-img":"","footer-sml-layout":"","theme-transparent-header-meta":"enabled","adv-header-id-meta":"","stick-header-meta":"","header-above-stick-meta":"","header-main-stick-meta":"","header-below-stick-meta":"","astra-migrate-meta-layouts":"set","ast-page-background-enabled":"default","ast-page-background-meta":{"desktop":{"background-color":"var(--ast-global-color-4)","background-image":"","background-repeat":"repeat","background-position":"center center","background-size":"auto","background-attachment":"scroll","background-type":"","background-media":"","overlay-type":"","overlay-color":"","overlay-opacity":"","overlay-gradient":""},"tablet":{"background-color":"","background-image":"","background-repeat":"repeat","background-position":"center center","background-size":"auto","background-attachment":"scroll","background-type":"","background-media":"","overlay-type":"","overlay-color":"","overlay-opacity":"","overlay-gradient":""},"mobile":{"background-color":"","background-image":"","background-repeat":"repeat","background-position":"center center","background-size":"auto","background-attachment":"scroll","background-type":"","background-media":"","overlay-type":"","overlay-color":"","overlay-opacity":"","overlay-gradient":""}},"ast-content-background-meta":{"desktop":{"background-color":"var(--ast-global-color-5)","background-image":"","background-repeat":"repeat","background-position":"center center","background-size":"auto","background-attachment":"scroll","background-type":"","background-media":"","overlay-type":"","overlay-color":"","overlay-opacity":"","overlay-gradient":""},"tablet":{"background-color":"var(--ast-global-color-5)","background-image":"","background-repeat":"repeat","background-position":"center center","background-size":"auto","background-attachment":"scroll","background-type":"","background-media":"","overlay-type":"","overlay-color":"","overlay-opacity":"","overlay-gradient":""},"mobile":{"background-color":"var(--ast-global-color-5)","background-image":"","background-repeat":"repeat","background-position":"center center","background-size":"auto","background-attachment":"scroll","background-type":"","background-media":"","overlay-type":"","overlay-color":"","overlay-opacity":"","overlay-gradient":""}},"footnotes":""},"class_list":["post-3197","page","type-page","status-publish","hentry"],"yoast_head":"<!-- This site is optimized with the Yoast SEO plugin v25.3.1 - https:\/\/yoast.com\/wordpress\/plugins\/seo\/ -->\n<title>Projekty - MEATing<\/title>\n<meta name=\"robots\" content=\"index, follow, max-snippet:-1, max-image-preview:large, max-video-preview:-1\" \/>\n<link rel=\"canonical\" href=\"https:\/\/meating.rest\/en\/projekty\/\" \/>\n<meta property=\"og:locale\" content=\"en_GB\" \/>\n<meta property=\"og:type\" content=\"article\" \/>\n<meta property=\"og:title\" content=\"Projekty - MEATing\" \/>\n<meta property=\"og:description\" content=\"Projekty Tytu\u0142 projektu: Dywersyfikacja firmy Forstaff Sp. z o. o. W ramach projektu: zamierzamy rozszerzy\u0107 dzia\u0142alno\u015b\u0107 firmy Forstaff Sp. z o. o. o catering i mo\u017cliwo\u015b\u0107 zamawiania diety pude\u0142kowej.W tym celu realizujemy nast\u0119puj\u0105ce dzia\u0142ania: Ca\u0142kowita warto\u015b\u0107 projektu: 596898.70dofinansowanie z Funduszy Europejskich: 432143.51\" \/>\n<meta property=\"og:url\" content=\"https:\/\/meating.rest\/en\/projekty\/\" \/>\n<meta property=\"og:site_name\" content=\"MEATing\" \/>\n<meta property=\"article:modified_time\" content=\"2025-05-29T13:41:56+00:00\" \/>\n<meta property=\"og:image\" content=\"https:\/\/meating.rest\/wp-content\/uploads\/2025\/05\/KPO_barwy_RP_NextGenerationEU_poziom_zestawienie_podstawowe__RGB-scaled.jpg\" \/>\n\t<meta property=\"og:image:width\" content=\"2560\" \/>\n\t<meta property=\"og:image:height\" content=\"328\" \/>\n\t<meta property=\"og:image:type\" content=\"image\/jpeg\" \/>\n<meta name=\"twitter:card\" content=\"summary_large_image\" \/>\n<meta name=\"twitter:label1\" content=\"Estimated reading time\" \/>\n\t<meta name=\"twitter:data1\" content=\"1 minute\" \/>\n<script type=\"application\/ld+json\" class=\"yoast-schema-graph\">{\"@context\":\"https:\/\/schema.org\",\"@graph\":[{\"@type\":\"WebPage\",\"@id\":\"https:\/\/meating.rest\/projekty\/\",\"url\":\"https:\/\/meating.rest\/projekty\/\",\"name\":\"Projekty - MEATing\",\"isPartOf\":{\"@id\":\"https:\/\/meating.rest\/#website\"},\"primaryImageOfPage\":{\"@id\":\"https:\/\/meating.rest\/projekty\/#primaryimage\"},\"image\":{\"@id\":\"https:\/\/meating.rest\/projekty\/#primaryimage\"},\"thumbnailUrl\":\"https:\/\/meating.rest\/wp-content\/uploads\/2025\/05\/KPO_barwy_RP_NextGenerationEU_poziom_zestawienie_podstawowe__RGB-scaled.jpg\",\"datePublished\":\"2025-05-29T12:14:51+00:00\",\"dateModified\":\"2025-05-29T13:41:56+00:00\",\"breadcrumb\":{\"@id\":\"https:\/\/meating.rest\/projekty\/#breadcrumb\"},\"inLanguage\":\"en-GB\",\"potentialAction\":[{\"@type\":\"ReadAction\",\"target\":[\"https:\/\/meating.rest\/projekty\/\"]}]},{\"@type\":\"ImageObject\",\"inLanguage\":\"en-GB\",\"@id\":\"https:\/\/meating.rest\/projekty\/#primaryimage\",\"url\":\"https:\/\/meating.rest\/wp-content\/uploads\/2025\/05\/KPO_barwy_RP_NextGenerationEU_poziom_zestawienie_podstawowe__RGB-scaled.jpg\",\"contentUrl\":\"https:\/\/meating.rest\/wp-content\/uploads\/2025\/05\/KPO_barwy_RP_NextGenerationEU_poziom_zestawienie_podstawowe__RGB-scaled.jpg\"},{\"@type\":\"BreadcrumbList\",\"@id\":\"https:\/\/meating.rest\/projekty\/#breadcrumb\",\"itemListElement\":[{\"@type\":\"ListItem\",\"position\":1,\"name\":\"Strona g\u0142\u00f3wna\",\"item\":\"https:\/\/meating.rest\/\"},{\"@type\":\"ListItem\",\"position\":2,\"name\":\"Projekty\"}]},{\"@type\":\"WebSite\",\"@id\":\"https:\/\/meating.rest\/#website\",\"url\":\"https:\/\/meating.rest\/\",\"name\":\"MEATing\",\"description\":\"MEATing\",\"publisher\":{\"@id\":\"https:\/\/meating.rest\/#organization\"},\"potentialAction\":[{\"@type\":\"SearchAction\",\"target\":{\"@type\":\"EntryPoint\",\"urlTemplate\":\"https:\/\/meating.rest\/?s={search_term_string}\"},\"query-input\":{\"@type\":\"PropertyValueSpecification\",\"valueRequired\":true,\"valueName\":\"search_term_string\"}}],\"inLanguage\":\"en-GB\"},{\"@type\":\"Organization\",\"@id\":\"https:\/\/meating.rest\/#organization\",\"name\":\"MEATing\",\"url\":\"https:\/\/meating.rest\/\",\"logo\":{\"@type\":\"ImageObject\",\"inLanguage\":\"en-GB\",\"@id\":\"https:\/\/meating.rest\/#\/schema\/logo\/image\/\",\"url\":\"https:\/\/meating.rest\/wp-content\/uploads\/2024\/10\/MEATIN-LOGO-RED.webp\",\"contentUrl\":\"https:\/\/meating.rest\/wp-content\/uploads\/2024\/10\/MEATIN-LOGO-RED.webp\",\"width\":852,\"height\":416,\"caption\":\"MEATing\"},\"image\":{\"@id\":\"https:\/\/meating.rest\/#\/schema\/logo\/image\/\"}}]}<\/script>\n<!-- \/ Yoast SEO plugin. -->","yoast_head_json":{"title":"Projekty - MEATing","robots":{"index":"index","follow":"follow","max-snippet":"max-snippet:-1","max-image-preview":"max-image-preview:large","max-video-preview":"max-video-preview:-1"},"canonical":"https:\/\/meating.rest\/en\/projekty\/","og_locale":"en_GB","og_type":"article","og_title":"Projekty - MEATing","og_description":"Projekty Tytu\u0142 projektu: Dywersyfikacja firmy Forstaff Sp. z o. o. W ramach projektu: zamierzamy rozszerzy\u0107 dzia\u0142alno\u015b\u0107 firmy Forstaff Sp. z o. o. o catering i mo\u017cliwo\u015b\u0107 zamawiania diety pude\u0142kowej.W tym celu realizujemy nast\u0119puj\u0105ce dzia\u0142ania: Ca\u0142kowita warto\u015b\u0107 projektu: 596898.70dofinansowanie z Funduszy Europejskich: 432143.51","og_url":"https:\/\/meating.rest\/en\/projekty\/","og_site_name":"MEATing","article_modified_time":"2025-05-29T13:41:56+00:00","og_image":[{"width":2560,"height":328,"url":"https:\/\/meating.rest\/wp-content\/uploads\/2025\/05\/KPO_barwy_RP_NextGenerationEU_poziom_zestawienie_podstawowe__RGB-scaled.jpg","type":"image\/jpeg"}],"twitter_card":"summary_large_image","twitter_misc":{"Estimated reading time":"1 minute"},"schema":{"@context":"https:\/\/schema.org","@graph":[{"@type":"WebPage","@id":"https:\/\/meating.rest\/projekty\/","url":"https:\/\/meating.rest\/projekty\/","name":"Projekty - MEATing","isPartOf":{"@id":"https:\/\/meating.rest\/#website"},"primaryImageOfPage":{"@id":"https:\/\/meating.rest\/projekty\/#primaryimage"},"image":{"@id":"https:\/\/meating.rest\/projekty\/#primaryimage"},"thumbnailUrl":"https:\/\/meating.rest\/wp-content\/uploads\/2025\/05\/KPO_barwy_RP_NextGenerationEU_poziom_zestawienie_podstawowe__RGB-scaled.jpg","datePublished":"2025-05-29T12:14:51+00:00","dateModified":"2025-05-29T13:41:56+00:00","breadcrumb":{"@id":"https:\/\/meating.rest\/projekty\/#breadcrumb"},"inLanguage":"en-GB","potentialAction":[{"@type":"ReadAction","target":["https:\/\/meating.rest\/projekty\/"]}]},{"@type":"ImageObject","inLanguage":"en-GB","@id":"https:\/\/meating.rest\/projekty\/#primaryimage","url":"https:\/\/meating.rest\/wp-content\/uploads\/2025\/05\/KPO_barwy_RP_NextGenerationEU_poziom_zestawienie_podstawowe__RGB-scaled.jpg","contentUrl":"https:\/\/meating.rest\/wp-content\/uploads\/2025\/05\/KPO_barwy_RP_NextGenerationEU_poziom_zestawienie_podstawowe__RGB-scaled.jpg"},{"@type":"BreadcrumbList","@id":"https:\/\/meating.rest\/projekty\/#breadcrumb","itemListElement":[{"@type":"ListItem","position":1,"name":"Strona g\u0142\u00f3wna","item":"https:\/\/meating.rest\/"},{"@type":"ListItem","position":2,"name":"Projekty"}]},{"@type":"WebSite","@id":"https:\/\/meating.rest\/#website","url":"https:\/\/meating.rest\/","name":"MEATing","description":"MEATing","publisher":{"@id":"https:\/\/meating.rest\/#organization"},"potentialAction":[{"@type":"SearchAction","target":{"@type":"EntryPoint","urlTemplate":"https:\/\/meating.rest\/?s={search_term_string}"},"query-input":{"@type":"PropertyValueSpecification","valueRequired":true,"valueName":"search_term_string"}}],"inLanguage":"en-GB"},{"@type":"Organization","@id":"https:\/\/meating.rest\/#organization","name":"MEATing","url":"https:\/\/meating.rest\/","logo":{"@type":"ImageObject","inLanguage":"en-GB","@id":"https:\/\/meating.rest\/#\/schema\/logo\/image\/","url":"https:\/\/meating.rest\/wp-content\/uploads\/2024\/10\/MEATIN-LOGO-RED.webp","contentUrl":"https:\/\/meating.rest\/wp-content\/uploads\/2024\/10\/MEATIN-LOGO-RED.webp","width":852,"height":416,"caption":"MEATing"},"image":{"@id":"https:\/\/meating.rest\/#\/schema\/logo\/image\/"}}]}},"uagb_featured_image_src":{"full":false,"thumbnail":false,"medium":false,"medium_large":false,"large":false,"1536x1536":false,"2048x2048":false,"trp-custom-language-flag":false},"uagb_author_info":{"display_name":"admin5778","author_link":"https:\/\/meating.rest\/en\/author\/admin5778\/"},"uagb_comment_info":0,"uagb_excerpt":"Projekty Tytu\u0142 projektu: Dywersyfikacja firmy Forstaff Sp. z o. o. W ramach projektu: zamierzamy rozszerzy\u0107 dzia\u0142alno\u015b\u0107 firmy Forstaff Sp. z o. o. o catering i mo\u017cliwo\u015b\u0107 zamawiania diety pude\u0142kowej.W tym celu realizujemy nast\u0119puj\u0105ce dzia\u0142ania: Ca\u0142kowita warto\u015b\u0107 projektu: 596898.70dofinansowanie z Funduszy Europejskich: 432143.51","_links":{"self":[{"href":"https:\/\/meating.rest\/en\/wp-json\/wp\/v2\/pages\/3197","targetHints":{"allow":["GET"]}}],"collection":[{"href":"https:\/\/meating.rest\/en\/wp-json\/wp\/v2\/pages"}],"about":[{"href":"https:\/\/meating.rest\/en\/wp-json\/wp\/v2\/types\/page"}],"author":[{"embeddable":true,"href":"https:\/\/meating.rest\/en\/wp-json\/wp\/v2\/users\/1"}],"replies":[{"embeddable":true,"href":"https:\/\/meating.rest\/en\/wp-json\/wp\/v2\/comments?post=3197"}],"version-history":[{"count":50,"href":"https:\/\/meating.rest\/en\/wp-json\/wp\/v2\/pages\/3197\/revisions"}],"predecessor-version":[{"id":3256,"href":"https:\/\/meating.rest\/en\/wp-json\/wp\/v2\/pages\/3197\/revisions\/3256"}],"wp:attachment":[{"href":"https:\/\/meating.rest\/en\/wp-json\/wp\/v2\/media?parent=3197"}],"curies":[{"name":"wp","href":"https:\/\/api.w.org\/{rel}","templated":true}]}}