{"id":2962,"date":"2025-04-23T09:05:53","date_gmt":"2025-04-23T08:05:53","guid":{"rendered":"https:\/\/meating.rest\/?page_id=2962"},"modified":"2025-04-25T15:13:26","modified_gmt":"2025-04-25T14:13:26","slug":"vip","status":"publish","type":"page","link":"https:\/\/meating.rest\/en\/vip\/","title":{"rendered":"Vip"},"content":{"rendered":"<div class=\"wp-block-uagb-container uagb-layout-grid uagb-block-09e57f9e alignfull uagb-is-root-container\"><div class=\"uagb-container-inner-blocks-wrap\">\n<div class=\"wp-block-uagb-info-box uagb-block-adf23bff uagb-infobox__content-wrap  uagb-infobox-icon-above-title uagb-infobox-image-valign-top wp-block-uagb-info-box--has-margin\"><div class=\"uagb-infobox-margin-wrapper\"><div class=\"uagb-ifb-content\"><div class=\"uagb-ifb-title-wrap\"><h1 class=\"uagb-ifb-title\"><strong>Szanowni Go\u015bcie<\/strong><\/h1><\/div><p class=\"uagb-ifb-desc\"> Serdecznie witamy w gronie naszych wyj\u0105tkowych Go\u015bci. Cieszymy si\u0119, \u017ce mo\u017cemy zaprosi\u0107 Was do ekskluzywnego \u015bwiata restauracji Meating.<\/p><div class=\"uagb-ifb-separator\"><\/div><\/div><\/div><\/div>\n<\/div><\/div>\n\n\n\n<div class=\"wp-block-uagb-container uagb-block-2b2e2abf alignfull uagb-is-root-container\"><div class=\"uagb-container-inner-blocks-wrap\">\n<div class=\"wp-block-uagb-container uagb-block-30a9ba27\">\n<div class=\"wp-block-uagb-info-box uagb-block-e7f1c0dc uagb-infobox__content-wrap  uagb-infobox-icon-below-title uagb-infobox-image-valign-top wp-block-uagb-info-box--has-margin\"><div class=\"uagb-infobox-margin-wrapper\"><div class=\"uagb-ifb-content\"><div class=\"uagb-ifb-title-wrap\"><h5 class=\"uagb-ifb-title\"><strong>Sta\u0142e przywileje<\/strong><br>dla Sta\u0142ych Go\u015bci<\/h5><\/div><p class=\"uagb-ifb-desc\">W ramach podzi\u0119kowania za Wasz\u0105 obecno\u015b\u0107 zapewniamy sta\u0142y rabat w wysoko\u015bci od 10% na ca\u0142\u0105 nasz\u0105 ofert\u0119 oraz dost\u0119p do informacji o wyj\u0105tkowych wydarzeniach i specjalnych ofertach.<\/p><\/div><\/div><\/div>\n\n\n\n<figure class=\"wp-block-image size-large\"><img loading=\"lazy\" decoding=\"async\" width=\"681\" height=\"1024\" src=\"https:\/\/meating.rest\/wp-content\/uploads\/2025\/04\/2024_09_27_MEDIOVO_MEATing_komplet-61-681x1024.webp\" alt=\"\" class=\"wp-image-3121\" srcset=\"https:\/\/meating.rest\/wp-content\/uploads\/2025\/04\/2024_09_27_MEDIOVO_MEATing_komplet-61-681x1024.webp 681w, https:\/\/meating.rest\/wp-content\/uploads\/2025\/04\/2024_09_27_MEDIOVO_MEATing_komplet-61-200x300.webp 200w, https:\/\/meating.rest\/wp-content\/uploads\/2025\/04\/2024_09_27_MEDIOVO_MEATing_komplet-61-768x1154.webp 768w, https:\/\/meating.rest\/wp-content\/uploads\/2025\/04\/2024_09_27_MEDIOVO_MEATing_komplet-61-1022x1536.webp 1022w, https:\/\/meating.rest\/wp-content\/uploads\/2025\/04\/2024_09_27_MEDIOVO_MEATing_komplet-61-1362x2048.webp 1362w, https:\/\/meating.rest\/wp-content\/uploads\/2025\/04\/2024_09_27_MEDIOVO_MEATing_komplet-61-8x12.webp 8w, https:\/\/meating.rest\/wp-content\/uploads\/2025\/04\/2024_09_27_MEDIOVO_MEATing_komplet-61-scaled.webp 1703w\" sizes=\"auto, (max-width: 681px) 100vw, 681px\" \/><\/figure>\n\n\n\n<div class=\"wp-block-uagb-info-box uagb-block-38993141 uagb-infobox__content-wrap  uagb-infobox-icon-above-title uagb-infobox-image-valign-top wp-block-uagb-info-box--has-margin\"><div class=\"uagb-infobox-margin-wrapper\"><div class=\"uagb-ifb-content\"><div class=\"uagb-ifb-title-wrap\"><h5 class=\"uagb-ifb-title\"><strong>Ju\u017c 8 maja<\/strong> zapraszamy na wyj\u0105tkow\u0105 kolacj\u0119 degustacyjn\u0105! Wi\u0119cej informacji w naszym wydarzeniu. Zarezerwuj stolik!<\/h5><\/div><div class=\"uagb-ifb-button-wrapper wp-block-button\"><a href=\"https:\/\/www.facebook.com\/events\/2086080028532820?acontext=%7B%22event_action_history%22%3A[%7B%22mechanism%22%3A%22attachment%22%2C%22surface%22%3A%22newsfeed%22%7D]%2C%22ref_notif_type%22%3Anull%7D\" class=\"uagb-infobox-cta-link wp-block-button__link\" target=\"_blank\" rel=\"noopener noreferrer\" onclick=\"return true;\"><span class=\"uagb-inline-editing\">czytaj wi\u0119cej<\/span><\/a><\/div><\/div><\/div><\/div>\n<\/div>\n\n\n\n<div class=\"wp-block-uagb-container uagb-block-da6f683d\">\n<figure class=\"wp-block-image size-large\"><img loading=\"lazy\" decoding=\"async\" width=\"819\" height=\"1024\" src=\"https:\/\/meating.rest\/wp-content\/uploads\/2025\/04\/BRM07351-2-819x1024.webp\" alt=\"\" class=\"wp-image-3122\" style=\"aspect-ratio:1;object-fit:cover\" srcset=\"https:\/\/meating.rest\/wp-content\/uploads\/2025\/04\/BRM07351-2-819x1024.webp 819w, https:\/\/meating.rest\/wp-content\/uploads\/2025\/04\/BRM07351-2-240x300.webp 240w, https:\/\/meating.rest\/wp-content\/uploads\/2025\/04\/BRM07351-2-768x960.webp 768w, https:\/\/meating.rest\/wp-content\/uploads\/2025\/04\/BRM07351-2-1229x1536.webp 1229w, https:\/\/meating.rest\/wp-content\/uploads\/2025\/04\/BRM07351-2-1638x2048.webp 1638w, https:\/\/meating.rest\/wp-content\/uploads\/2025\/04\/BRM07351-2-10x12.webp 10w, https:\/\/meating.rest\/wp-content\/uploads\/2025\/04\/BRM07351-2.webp 1920w\" sizes=\"auto, (max-width: 819px) 100vw, 819px\" \/><\/figure>\n\n\n\n<div class=\"wp-block-uagb-info-box uagb-block-97a9cdea uagb-infobox__content-wrap  uagb-infobox-icon-above-title uagb-infobox-image-valign-top wp-block-uagb-info-box--has-margin\"><div class=\"uagb-infobox-margin-wrapper\"><div class=\"uagb-ifb-content\"><div class=\"uagb-ifb-title-wrap\"><h5 class=\"uagb-ifb-title\">Prywatna <br><strong>Strefa Spotka\u0144<\/strong><\/h5><\/div><p class=\"uagb-ifb-desc\">Dla zapewnienia maksymalnego komfortu i dyskrecji mo\u017cemy zorganizowa\u0107 dla Pa\u0144stwa spotkanie w specjalnie przygotowanej, bardziej intymnej przestrzeni, idealnej do rozm\u00f3w i wydarze\u0144 wymagaj\u0105cych wi\u0119kszej prywatno\u015bci i spokoju.<\/p><\/div><\/div><\/div>\n\n\n\n<figure class=\"wp-block-image size-large\"><img loading=\"lazy\" decoding=\"async\" width=\"819\" height=\"1024\" src=\"https:\/\/meating.rest\/wp-content\/uploads\/2025\/04\/DWZ_4662-819x1024.webp\" alt=\"\" class=\"wp-image-3124\" style=\"aspect-ratio:1;object-fit:cover\" srcset=\"https:\/\/meating.rest\/wp-content\/uploads\/2025\/04\/DWZ_4662-819x1024.webp 819w, https:\/\/meating.rest\/wp-content\/uploads\/2025\/04\/DWZ_4662-240x300.webp 240w, https:\/\/meating.rest\/wp-content\/uploads\/2025\/04\/DWZ_4662-768x960.webp 768w, https:\/\/meating.rest\/wp-content\/uploads\/2025\/04\/DWZ_4662-1229x1536.webp 1229w, https:\/\/meating.rest\/wp-content\/uploads\/2025\/04\/DWZ_4662-10x12.webp 10w, https:\/\/meating.rest\/wp-content\/uploads\/2025\/04\/DWZ_4662.webp 1638w\" sizes=\"auto, (max-width: 819px) 100vw, 819px\" \/><\/figure>\n<\/div>\n<\/div><\/div>\n\n\n\n<div class=\"wp-block-uagb-container uagb-block-1e2a1a3f alignfull uagb-is-root-container\"><div class=\"uagb-container-inner-blocks-wrap\">\n<div class=\"wp-block-uagb-advanced-heading uagb-block-e8bd632e\"><h2 class=\"uagb-heading-text\"><strong>Dzi\u0119kujemy <\/strong>za zaufanie<\/h2><\/div>\n\n\n\n<p class=\"has-text-align-center has-ast-global-color-6-color has-text-color has-link-color wp-elements-cab24d9ea03ba0214cd9e6df1313227f\">i zapraszamy do korzystania z przywilej\u00f3w, <br>kt\u00f3re czekaj\u0105 na Pa\u0144stwa w Meating.<\/p>\n<\/div><\/div>\n\n\n\n<p><\/p>","protected":false},"excerpt":{"rendered":"<p>Dzi\u0119kujemy za zaufanie i zapraszamy do korzystania z przywilej\u00f3w, kt\u00f3re czekaj\u0105 na Pa\u0144stwa w Meating.<\/p>","protected":false},"author":1,"featured_media":0,"parent":0,"menu_order":0,"comment_status":"closed","ping_status":"closed","template":"","meta":{"_uag_custom_page_level_css":".ast-primary-header-bar{background-color:transparent;}","site-sidebar-layout":"default","site-content-layout":"","ast-site-content-layout":"normal-width-container","site-content-style":"unboxed","site-sidebar-style":"default","ast-global-header-display":"","ast-banner-title-visibility":"disabled","ast-main-header-display":"","ast-hfb-above-header-display":"","ast-hfb-below-header-display":"","ast-hfb-mobile-header-display":"","site-post-title":"","ast-breadcrumbs-content":"","ast-featured-img":"","footer-sml-layout":"","theme-transparent-header-meta":"","adv-header-id-meta":"","stick-header-meta":"","header-above-stick-meta":"","header-main-stick-meta":"","header-below-stick-meta":"","astra-migrate-meta-layouts":"set","ast-page-background-enabled":"default","ast-page-background-meta":{"desktop":{"background-color":"var(--ast-global-color-4)","background-image":"","background-repeat":"repeat","background-position":"center center","background-size":"auto","background-attachment":"scroll","background-type":"","background-media":"","overlay-type":"","overlay-color":"","overlay-opacity":"","overlay-gradient":""},"tablet":{"background-color":"","background-image":"","background-repeat":"repeat","background-position":"center center","background-size":"auto","background-attachment":"scroll","background-type":"","background-media":"","overlay-type":"","overlay-color":"","overlay-opacity":"","overlay-gradient":""},"mobile":{"background-color":"","background-image":"","background-repeat":"repeat","background-position":"center center","background-size":"auto","background-attachment":"scroll","background-type":"","background-media":"","overlay-type":"","overlay-color":"","overlay-opacity":"","overlay-gradient":""}},"ast-content-background-meta":{"desktop":{"background-color":"var(--ast-global-color-5)","background-image":"","background-repeat":"repeat","background-position":"center center","background-size":"auto","background-attachment":"scroll","background-type":"","background-media":"","overlay-type":"","overlay-color":"","overlay-opacity":"","overlay-gradient":""},"tablet":{"background-color":"var(--ast-global-color-5)","background-image":"","background-repeat":"repeat","background-position":"center center","background-size":"auto","background-attachment":"scroll","background-type":"","background-media":"","overlay-type":"","overlay-color":"","overlay-opacity":"","overlay-gradient":""},"mobile":{"background-color":"var(--ast-global-color-5)","background-image":"","background-repeat":"repeat","background-position":"center center","background-size":"auto","background-attachment":"scroll","background-type":"","background-media":"","overlay-type":"","overlay-color":"","overlay-opacity":"","overlay-gradient":""}},"footnotes":""},"class_list":["post-2962","page","type-page","status-publish","hentry"],"yoast_head":"<!-- This site is optimized with the Yoast SEO plugin v25.3.1 - https:\/\/yoast.com\/wordpress\/plugins\/seo\/ -->\n<title>Vip - MEATing<\/title>\n<meta name=\"robots\" content=\"index, follow, max-snippet:-1, max-image-preview:large, max-video-preview:-1\" \/>\n<link rel=\"canonical\" href=\"https:\/\/meating.rest\/en\/vip\/\" \/>\n<meta property=\"og:locale\" content=\"en_GB\" \/>\n<meta property=\"og:type\" content=\"article\" \/>\n<meta property=\"og:title\" content=\"Vip - MEATing\" \/>\n<meta property=\"og:description\" content=\"Dzi\u0119kujemy za zaufanie i zapraszamy do korzystania z przywilej\u00f3w, kt\u00f3re czekaj\u0105 na Pa\u0144stwa w Meating.\" \/>\n<meta property=\"og:url\" content=\"https:\/\/meating.rest\/en\/vip\/\" \/>\n<meta property=\"og:site_name\" content=\"MEATing\" \/>\n<meta property=\"article:modified_time\" content=\"2025-04-25T14:13:26+00:00\" \/>\n<meta property=\"og:image\" content=\"https:\/\/meating.rest\/wp-content\/uploads\/2025\/04\/2024_09_27_MEDIOVO_MEATing_komplet-61-scaled.webp\" \/>\n\t<meta property=\"og:image:width\" content=\"1703\" \/>\n\t<meta property=\"og:image:height\" content=\"2560\" \/>\n\t<meta property=\"og:image:type\" content=\"image\/webp\" \/>\n<meta name=\"twitter:card\" content=\"summary_large_image\" \/>\n<meta name=\"twitter:label1\" content=\"Estimated reading time\" \/>\n\t<meta name=\"twitter:data1\" content=\"1 minute\" \/>\n<script type=\"application\/ld+json\" class=\"yoast-schema-graph\">{\"@context\":\"https:\/\/schema.org\",\"@graph\":[{\"@type\":\"WebPage\",\"@id\":\"https:\/\/meating.rest\/vip\/\",\"url\":\"https:\/\/meating.rest\/vip\/\",\"name\":\"Vip - MEATing\",\"isPartOf\":{\"@id\":\"https:\/\/meating.rest\/#website\"},\"primaryImageOfPage\":{\"@id\":\"https:\/\/meating.rest\/vip\/#primaryimage\"},\"image\":{\"@id\":\"https:\/\/meating.rest\/vip\/#primaryimage\"},\"thumbnailUrl\":\"https:\/\/meating.rest\/wp-content\/uploads\/2025\/04\/2024_09_27_MEDIOVO_MEATing_komplet-61-681x1024.webp\",\"datePublished\":\"2025-04-23T08:05:53+00:00\",\"dateModified\":\"2025-04-25T14:13:26+00:00\",\"breadcrumb\":{\"@id\":\"https:\/\/meating.rest\/vip\/#breadcrumb\"},\"inLanguage\":\"en-GB\",\"potentialAction\":[{\"@type\":\"ReadAction\",\"target\":[\"https:\/\/meating.rest\/vip\/\"]}]},{\"@type\":\"ImageObject\",\"inLanguage\":\"en-GB\",\"@id\":\"https:\/\/meating.rest\/vip\/#primaryimage\",\"url\":\"https:\/\/meating.rest\/wp-content\/uploads\/2025\/04\/2024_09_27_MEDIOVO_MEATing_komplet-61-681x1024.webp\",\"contentUrl\":\"https:\/\/meating.rest\/wp-content\/uploads\/2025\/04\/2024_09_27_MEDIOVO_MEATing_komplet-61-681x1024.webp\"},{\"@type\":\"BreadcrumbList\",\"@id\":\"https:\/\/meating.rest\/vip\/#breadcrumb\",\"itemListElement\":[{\"@type\":\"ListItem\",\"position\":1,\"name\":\"Strona g\u0142\u00f3wna\",\"item\":\"https:\/\/meating.rest\/\"},{\"@type\":\"ListItem\",\"position\":2,\"name\":\"Vip\"}]},{\"@type\":\"WebSite\",\"@id\":\"https:\/\/meating.rest\/#website\",\"url\":\"https:\/\/meating.rest\/\",\"name\":\"MEATing\",\"description\":\"MEATing\",\"publisher\":{\"@id\":\"https:\/\/meating.rest\/#organization\"},\"potentialAction\":[{\"@type\":\"SearchAction\",\"target\":{\"@type\":\"EntryPoint\",\"urlTemplate\":\"https:\/\/meating.rest\/?s={search_term_string}\"},\"query-input\":{\"@type\":\"PropertyValueSpecification\",\"valueRequired\":true,\"valueName\":\"search_term_string\"}}],\"inLanguage\":\"en-GB\"},{\"@type\":\"Organization\",\"@id\":\"https:\/\/meating.rest\/#organization\",\"name\":\"MEATing\",\"url\":\"https:\/\/meating.rest\/\",\"logo\":{\"@type\":\"ImageObject\",\"inLanguage\":\"en-GB\",\"@id\":\"https:\/\/meating.rest\/#\/schema\/logo\/image\/\",\"url\":\"https:\/\/meating.rest\/wp-content\/uploads\/2024\/10\/MEATIN-LOGO-RED.webp\",\"contentUrl\":\"https:\/\/meating.rest\/wp-content\/uploads\/2024\/10\/MEATIN-LOGO-RED.webp\",\"width\":852,\"height\":416,\"caption\":\"MEATing\"},\"image\":{\"@id\":\"https:\/\/meating.rest\/#\/schema\/logo\/image\/\"}}]}<\/script>\n<!-- \/ Yoast SEO plugin. -->","yoast_head_json":{"title":"Vip - MEATing","robots":{"index":"index","follow":"follow","max-snippet":"max-snippet:-1","max-image-preview":"max-image-preview:large","max-video-preview":"max-video-preview:-1"},"canonical":"https:\/\/meating.rest\/en\/vip\/","og_locale":"en_GB","og_type":"article","og_title":"Vip - MEATing","og_description":"Dzi\u0119kujemy za zaufanie i zapraszamy do korzystania z przywilej\u00f3w, kt\u00f3re czekaj\u0105 na Pa\u0144stwa w Meating.","og_url":"https:\/\/meating.rest\/en\/vip\/","og_site_name":"MEATing","article_modified_time":"2025-04-25T14:13:26+00:00","og_image":[{"width":1703,"height":2560,"url":"https:\/\/meating.rest\/wp-content\/uploads\/2025\/04\/2024_09_27_MEDIOVO_MEATing_komplet-61-scaled.webp","type":"image\/webp"}],"twitter_card":"summary_large_image","twitter_misc":{"Estimated reading time":"1 minute"},"schema":{"@context":"https:\/\/schema.org","@graph":[{"@type":"WebPage","@id":"https:\/\/meating.rest\/vip\/","url":"https:\/\/meating.rest\/vip\/","name":"Vip - MEATing","isPartOf":{"@id":"https:\/\/meating.rest\/#website"},"primaryImageOfPage":{"@id":"https:\/\/meating.rest\/vip\/#primaryimage"},"image":{"@id":"https:\/\/meating.rest\/vip\/#primaryimage"},"thumbnailUrl":"https:\/\/meating.rest\/wp-content\/uploads\/2025\/04\/2024_09_27_MEDIOVO_MEATing_komplet-61-681x1024.webp","datePublished":"2025-04-23T08:05:53+00:00","dateModified":"2025-04-25T14:13:26+00:00","breadcrumb":{"@id":"https:\/\/meating.rest\/vip\/#breadcrumb"},"inLanguage":"en-GB","potentialAction":[{"@type":"ReadAction","target":["https:\/\/meating.rest\/vip\/"]}]},{"@type":"ImageObject","inLanguage":"en-GB","@id":"https:\/\/meating.rest\/vip\/#primaryimage","url":"https:\/\/meating.rest\/wp-content\/uploads\/2025\/04\/2024_09_27_MEDIOVO_MEATing_komplet-61-681x1024.webp","contentUrl":"https:\/\/meating.rest\/wp-content\/uploads\/2025\/04\/2024_09_27_MEDIOVO_MEATing_komplet-61-681x1024.webp"},{"@type":"BreadcrumbList","@id":"https:\/\/meating.rest\/vip\/#breadcrumb","itemListElement":[{"@type":"ListItem","position":1,"name":"Strona g\u0142\u00f3wna","item":"https:\/\/meating.rest\/"},{"@type":"ListItem","position":2,"name":"Vip"}]},{"@type":"WebSite","@id":"https:\/\/meating.rest\/#website","url":"https:\/\/meating.rest\/","name":"MEATing","description":"MEATing","publisher":{"@id":"https:\/\/meating.rest\/#organization"},"potentialAction":[{"@type":"SearchAction","target":{"@type":"EntryPoint","urlTemplate":"https:\/\/meating.rest\/?s={search_term_string}"},"query-input":{"@type":"PropertyValueSpecification","valueRequired":true,"valueName":"search_term_string"}}],"inLanguage":"en-GB"},{"@type":"Organization","@id":"https:\/\/meating.rest\/#organization","name":"MEATing","url":"https:\/\/meating.rest\/","logo":{"@type":"ImageObject","inLanguage":"en-GB","@id":"https:\/\/meating.rest\/#\/schema\/logo\/image\/","url":"https:\/\/meating.rest\/wp-content\/uploads\/2024\/10\/MEATIN-LOGO-RED.webp","contentUrl":"https:\/\/meating.rest\/wp-content\/uploads\/2024\/10\/MEATIN-LOGO-RED.webp","width":852,"height":416,"caption":"MEATing"},"image":{"@id":"https:\/\/meating.rest\/#\/schema\/logo\/image\/"}}]}},"uagb_featured_image_src":{"full":false,"thumbnail":false,"medium":false,"medium_large":false,"large":false,"1536x1536":false,"2048x2048":false,"trp-custom-language-flag":false},"uagb_author_info":{"display_name":"admin5778","author_link":"https:\/\/meating.rest\/en\/author\/admin5778\/"},"uagb_comment_info":0,"uagb_excerpt":"Dzi\u0119kujemy za zaufanie i zapraszamy do korzystania z przywilej\u00f3w, kt\u00f3re czekaj\u0105 na Pa\u0144stwa w Meating.","_links":{"self":[{"href":"https:\/\/meating.rest\/en\/wp-json\/wp\/v2\/pages\/2962","targetHints":{"allow":["GET"]}}],"collection":[{"href":"https:\/\/meating.rest\/en\/wp-json\/wp\/v2\/pages"}],"about":[{"href":"https:\/\/meating.rest\/en\/wp-json\/wp\/v2\/types\/page"}],"author":[{"embeddable":true,"href":"https:\/\/meating.rest\/en\/wp-json\/wp\/v2\/users\/1"}],"replies":[{"embeddable":true,"href":"https:\/\/meating.rest\/en\/wp-json\/wp\/v2\/comments?post=2962"}],"version-history":[{"count":134,"href":"https:\/\/meating.rest\/en\/wp-json\/wp\/v2\/pages\/2962\/revisions"}],"predecessor-version":[{"id":3138,"href":"https:\/\/meating.rest\/en\/wp-json\/wp\/v2\/pages\/2962\/revisions\/3138"}],"wp:attachment":[{"href":"https:\/\/meating.rest\/en\/wp-json\/wp\/v2\/media?parent=2962"}],"curies":[{"name":"wp","href":"https:\/\/api.w.org\/{rel}","templated":true}]}}