{"id":2840,"date":"2024-11-11T19:44:50","date_gmt":"2024-11-11T18:44:50","guid":{"rendered":"https:\/\/meating.rest\/?page_id=2840"},"modified":"2024-11-11T19:53:00","modified_gmt":"2024-11-11T18:53:00","slug":"rezerwacje","status":"publish","type":"page","link":"https:\/\/meating.rest\/en\/rezerwacje\/","title":{"rendered":"RESERVATION"},"content":{"rendered":"<div class=\"wp-block-uagb-container uagb-block-da7f1631 alignfull uagb-is-root-container\"><div class=\"uagb-container-inner-blocks-wrap\"><\/div><\/div>\n\n\n\n<div class=\"wp-block-uagb-container uagb-block-3d257f8d alignfull uagb-is-root-container\"><div class=\"uagb-container-inner-blocks-wrap\">\n<div class=\"wp-block-uagb-separator uagb-block-af62e0fe\"><div class=\"uagb-separator-spacing-wrapper\"><div class=\"wp-block-uagb-separator__inner\" style=\"--my-background-image:\"><\/div><\/div><\/div>\n\n\n\n<div class=\"wp-block-uagb-container uagb-block-879488c5\">\n<div class=\"wp-block-group is-nowrap is-layout-flex wp-container-core-group-is-layout-6c531013 wp-block-group-is-layout-flex\">\n<div class=\"wp-block-uagb-container uagb-layout-flex uagb-block-6cfc0bf3 default uagb-is-root-container\"><\/div>\n\n\n\n<div class=\"wp-block-uagb-advanced-heading uagb-block-75631786 secname\"><h2 class=\"uagb-heading-text\">RESERVATION<\/h2><\/div>\n<\/div>\n<\/div>\n\n\n\n<div id=\"kontakt\" class=\"wp-block-uagb-container uagb-block-b83f1b32 alignfull uagb-is-root-container\"><div class=\"uagb-container-inner-blocks-wrap\">\n<p><\/p>\n<\/div><\/div>\n\n\n\n<div id=\"kontakt\" class=\"wp-block-uagb-container uagb-block-a98fdc48 alignfull uagb-is-root-container\"><div class=\"uagb-container-inner-blocks-wrap\"><style id=\"wpforms-css-vars-root\">\n\t\t\t\t:root {\n\t\t\t\t\t--wpforms-field-border-radius: 3px;\n--wpforms-field-border-style: solid;\n--wpforms-field-border-size: 1px;\n--wpforms-field-background-color: #ffffff;\n--wpforms-field-border-color: rgba( 0, 0, 0, 0.25 );\n--wpforms-field-border-color-spare: rgba( 0, 0, 0, 0.25 );\n--wpforms-field-text-color: rgba( 0, 0, 0, 0.7 );\n--wpforms-field-menu-color: #ffffff;\n--wpforms-label-color: rgba( 0, 0, 0, 0.85 );\n--wpforms-label-sublabel-color: rgba( 0, 0, 0, 0.55 );\n--wpforms-label-error-color: #d63637;\n--wpforms-button-border-radius: 3px;\n--wpforms-button-border-style: none;\n--wpforms-button-border-size: 1px;\n--wpforms-button-background-color: #066aab;\n--wpforms-button-border-color: #066aab;\n--wpforms-button-text-color: #ffffff;\n--wpforms-page-break-color: #066aab;\n--wpforms-background-image: none;\n--wpforms-background-position: center center;\n--wpforms-background-repeat: no-repeat;\n--wpforms-background-size: cover;\n--wpforms-background-width: 100px;\n--wpforms-background-height: 100px;\n--wpforms-background-color: rgba( 0, 0, 0, 0 );\n--wpforms-background-url: none;\n--wpforms-container-padding: 0px;\n--wpforms-container-border-style: none;\n--wpforms-container-border-width: 1px;\n--wpforms-container-border-color: #000000;\n--wpforms-container-border-radius: 3px;\n--wpforms-field-size-input-height: 43px;\n--wpforms-field-size-input-spacing: 15px;\n--wpforms-field-size-font-size: 16px;\n--wpforms-field-size-line-height: 19px;\n--wpforms-field-size-padding-h: 14px;\n--wpforms-field-size-checkbox-size: 16px;\n--wpforms-field-size-sublabel-spacing: 5px;\n--wpforms-field-size-icon-size: 1;\n--wpforms-label-size-font-size: 16px;\n--wpforms-label-size-line-height: 19px;\n--wpforms-label-size-sublabel-font-size: 14px;\n--wpforms-label-size-sublabel-line-height: 17px;\n--wpforms-button-size-font-size: 17px;\n--wpforms-button-size-height: 41px;\n--wpforms-button-size-padding-h: 15px;\n--wpforms-button-size-margin-top: 10px;\n--wpforms-container-shadow-size-box-shadow: none;\n\n\t\t\t\t}\n\t\t\t<\/style><style id=\"wpforms-css-vars-2847-block-d9d771c0-7b98-44d1-839e-9aa2df5f7a92\">\n\t\t\t\t#wpforms-2847.wpforms-block-d9d771c0-7b98-44d1-839e-9aa2df5f7a92 {\n\t\t\t\t\t--wpforms-label-color: var(--ast-global-color-2);\n--wpforms-label-sublabel-color: rgba( 0, 0, 0, 0 );\n--wpforms-field-border-radius: 5px;\n--wpforms-field-border-color: #00000000;\n--wpforms-field-border-color-spare: #00000000;\n--wpforms-field-text-color: var(--ast-global-color-8);\n--wpforms-field-menu-color: rgba( 0, 0, 0, 0 );\n--wpforms-container-padding: ;\n--wpforms-container-border-style: solid;\n--wpforms-container-border-color: rgba( 0, 0, 0, 0 );\n--wpforms-container-border-radius: 25px;\n--wpforms-button-border-style: solid;\n--wpforms-button-border-size: 3px;\n--wpforms-button-border-radius: 25px;\n--wpforms-button-background-color: var(--ast-global-color-5);\n--wpforms-button-text-color: var(--ast-global-color-2);\n--wpforms-button-border-color: var(--ast-global-color-5);\n--wpforms-button-background-color-alt: #4c505900;\n--wpforms-field-size-input-height: 43px;\n--wpforms-field-size-input-spacing: 15px;\n--wpforms-field-size-font-size: 16px;\n--wpforms-field-size-line-height: 19px;\n--wpforms-field-size-padding-h: 14px;\n--wpforms-field-size-checkbox-size: 16px;\n--wpforms-field-size-sublabel-spacing: 5px;\n--wpforms-field-size-icon-size: 1;\n--wpforms-label-size-font-size: 16px;\n--wpforms-label-size-line-height: 19px;\n--wpforms-label-size-sublabel-font-size: 14px;\n--wpforms-label-size-sublabel-line-height: 17px;\n--wpforms-button-size-font-size: 20px;\n--wpforms-button-size-height: 48px;\n--wpforms-button-size-padding-h: 20px;\n--wpforms-button-size-margin-top: 15px;\n--wpforms-container-shadow-size-box-shadow: none;\n\n\t\t\t\t}\n\t\t\t<\/style><div class=\"wpforms-container wpforms-container-full wpforms-block wpforms-block-d9d771c0-7b98-44d1-839e-9aa2df5f7a92 wpforms-render-modern\" id=\"wpforms-2847\"><form id=\"wpforms-form-2847\" class=\"wpforms-validate wpforms-form wpforms-ajax-form\" data-formid=\"2847\" method=\"post\" enctype=\"multipart\/form-data\" action=\"\/en\/wp-json\/wp\/v2\/pages\/2840\" data-token=\"57193c7cbe6f6cb3a2b023fdd6e3b60a\" data-token-time=\"1775351224\" data-trp-original-action=\"\/en\/wp-json\/wp\/v2\/pages\/2840\"><noscript class=\"wpforms-error-noscript\">Please enable JavaScript in your browser to complete this form.<\/noscript><div class=\"wpforms-hidden\" id=\"wpforms-error-noscript\">Please enable JavaScript in your browser to complete this form.<\/div><div class=\"wpforms-field-container\"><div id=\"wpforms-2847-field_4-container\" class=\"wpforms-field wpforms-field-date-time\" data-field-id=\"4\"><label class=\"wpforms-field-label\" for=\"wpforms-2847-field_4\">Date <span class=\"wpforms-required-label\" aria-hidden=\"true\">*<\/span><\/label><div class=\"wpforms-datepicker-wrap\"><input type=\"text\" id=\"wpforms-2847-field_4\" class=\"wpforms-field-date-time-date wpforms-datepicker wpforms-field-required wpforms-field-large\" data-date-format=\"m\/d\/Y\" data-disable-past-dates=\"0\" data-input=\"true\" name=\"wpforms[fields][4][date]\" aria-errormessage=\"wpforms-2847-field_4-error\" required><a title=\"Clear Date\" data-clear class=\"wpforms-datepicker-clear\" style=\"display:none;\"><\/a><\/div><\/div><div id=\"wpforms-2847-field_5-container\" class=\"wpforms-field wpforms-field-date-time\" data-field-id=\"5\"><label class=\"wpforms-field-label\" for=\"wpforms-2847-field_5-time\">Time <span class=\"wpforms-required-label\" aria-hidden=\"true\">*<\/span><\/label><input type=\"text\" id=\"wpforms-2847-field_5-time\" class=\"wpforms-field-date-time-time wpforms-timepicker wpforms-field-required wpforms-field-large\" data-time-format=\"H:i\" data-step=\"30\" data-rule-time24h=\"true\" data-min-time=\"12:00\" data-max-time=\"21:45\" data-rule-time-limit=\"true\" name=\"wpforms[fields][5][time]\" aria-errormessage=\"wpforms-2847-field_5-time-error\" required><\/div><div id=\"wpforms-2847-field_6-container\" class=\"wpforms-field wpforms-field-number\" data-field-id=\"6\"><label class=\"wpforms-field-label\" for=\"wpforms-2847-field_6\">Number of people <span class=\"wpforms-required-label\" aria-hidden=\"true\">*<\/span><\/label><input type=\"number\" id=\"wpforms-2847-field_6\" class=\"wpforms-field-large wpforms-field-required\" name=\"wpforms[fields][6]\" aria-errormessage=\"wpforms-2847-field_6-error\" required><\/div><div id=\"wpforms-2847-field_1-container\" class=\"wpforms-field wpforms-field-name\" data-field-id=\"1\"><fieldset><legend class=\"wpforms-field-label\">name and surname <span class=\"wpforms-required-label\" aria-hidden=\"true\">*<\/span><\/legend><div class=\"wpforms-field-row wpforms-field-large\"><div class=\"wpforms-field-row-block wpforms-first wpforms-one-half\"><input type=\"text\" id=\"wpforms-2847-field_1\" class=\"wpforms-field-name-first wpforms-field-required\" name=\"wpforms[fields][1][first]\" aria-errormessage=\"wpforms-2847-field_1-error\" required><label for=\"wpforms-2847-field_1\" class=\"wpforms-field-sublabel after\">First<\/label><\/div><div class=\"wpforms-field-row-block wpforms-one-half\"><input type=\"text\" id=\"wpforms-2847-field_1-last\" class=\"wpforms-field-name-last wpforms-field-required\" name=\"wpforms[fields][1][last]\" aria-errormessage=\"wpforms-2847-field_1-last-error\" required><label for=\"wpforms-2847-field_1-last\" class=\"wpforms-field-sublabel after\">Last<\/label><\/div><\/div><\/fieldset><\/div><div id=\"wpforms-2847-field_8-container\" class=\"wpforms-field wpforms-field-phone\" data-field-id=\"8\"><label class=\"wpforms-field-label\" for=\"wpforms-2847-field_8\">Phone <span class=\"wpforms-required-label\" aria-hidden=\"true\">*<\/span><\/label><input type=\"tel\" id=\"wpforms-2847-field_8\" class=\"wpforms-field-large wpforms-field-required wpforms-smart-phone-field\" data-rule-smart-phone-field=\"true\" name=\"wpforms[fields][8]\" aria-label=\"Phone\" aria-errormessage=\"wpforms-2847-field_8-error\" required><\/div><div id=\"wpforms-2847-field_2-container\" class=\"wpforms-field wpforms-field-email\" data-field-id=\"2\"><label class=\"wpforms-field-label\" for=\"wpforms-2847-field_2\">e-mail address <span class=\"wpforms-required-label\" aria-hidden=\"true\">*<\/span><\/label><input type=\"email\" id=\"wpforms-2847-field_2\" class=\"wpforms-field-large wpforms-field-required\" name=\"wpforms[fields][2]\" spellcheck=\"false\" aria-errormessage=\"wpforms-2847-field_2-error\" required><\/div><div id=\"wpforms-2847-field_3-container\" class=\"wpforms-field wpforms-field-textarea\" data-field-id=\"3\"><label class=\"wpforms-field-label\" for=\"wpforms-2847-field_3\">Special requests<\/label><textarea id=\"wpforms-2847-field_3\" class=\"wpforms-field-medium\" name=\"wpforms[fields][3]\" aria-errormessage=\"wpforms-2847-field_3-error\" ><\/textarea><\/div><div id=\"wpforms-2847-field_9-container\" class=\"wpforms-field wpforms-field-checkbox\" data-field-id=\"9\"><fieldset><legend class=\"wpforms-field-label wpforms-label-hide\" aria-hidden=\"false\">RODO <span class=\"wpforms-required-label\" aria-hidden=\"true\">*<\/span><\/legend><ul id=\"wpforms-2847-field_9\" class=\"wpforms-field-required\"><li class=\"choice-1 depth-1\"><input type=\"checkbox\" id=\"wpforms-2847-field_9_1\" name=\"wpforms[fields][9][]\" value=\"Korzystaj\u0105c z formularza, zgadzasz si\u0119 na przechowywanie i przetwarzanie Twoich danych przez witryn\u0119 oraz przetwarzanie Twoich danych osobowych w celu przekazywania informacji dotycz\u0105cych skierowanego przez Ciebie zapytania w formularzu kontaktowym do firmy FORSTAFF Sp. z o.o.\" aria-errormessage=\"wpforms-2847-field_9_1-error\" required><label class=\"wpforms-field-label-inline\" for=\"wpforms-2847-field_9_1\">By using the form, you agree to the storage and processing of your data by the website and the processing of your personal data in order to provide information regarding your inquiry in the contact form to FORSTAFF Sp. z o. o.<\/label><\/li><\/ul><\/fieldset><\/div><\/div><!-- .wpforms-field-container --><div class=\"wpforms-recaptcha-container wpforms-is-recaptcha wpforms-is-recaptcha-type-v2\" ><div class=\"g-recaptcha\" data-sitekey=\"6LfooIUsAAAAAMK2GDlDu6mMo2ozRp8aftlxY9Sg\"><\/div><input type=\"text\" name=\"g-recaptcha-hidden\" class=\"wpforms-recaptcha-hidden\" style=\"position:absolute!important;clip:rect(0,0,0,0)!important;height:1px!important;width:1px!important;border:0!important;overflow:hidden!important;padding:0!important;margin:0!important;\" data-rule-recaptcha=\"1\"><\/div><div class=\"wpforms-submit-container\" ><input type=\"hidden\" name=\"wpforms[id]\" value=\"2847\"><input type=\"hidden\" name=\"page_title\" value=\"\"><input type=\"hidden\" name=\"page_url\" value=\"https:\/\/meating.rest\/en\/wp-json\/wp\/v2\/pages\/2840\"><button type=\"submit\" name=\"wpforms[submit]\" id=\"wpforms-submit-2847\" class=\"wpforms-submit\" data-alt-text=\"Wysy\u0142anie...\" data-submit-text=\"Zarezerwuj teraz\" aria-live=\"assertive\" value=\"wpforms-submit\">Book now<\/button><img loading=\"lazy\" decoding=\"async\" src=\"https:\/\/meating.rest\/wp-content\/plugins\/wpforms\/assets\/images\/submit-spin.svg\" class=\"wpforms-submit-spinner\" style=\"display: none;\" width=\"26\" height=\"26\" alt=\"Loading\"><\/div><input type=\"hidden\" name=\"trp-form-language\" value=\"en\"\/><\/form><\/div>  <!-- .wpforms-container --><\/div><\/div>\n<\/div><\/div>\n\n\n\n<p><\/p>","protected":false},"excerpt":{"rendered":"<p>RESERVATION<\/p>","protected":false},"author":1,"featured_media":0,"parent":0,"menu_order":0,"comment_status":"closed","ping_status":"closed","template":"","meta":{"_uag_custom_page_level_css":"\/* Sticky \n.ast-primary-header {\nposition: fixed;\ntop: 10px;\nwidth: 100%;\nz-index: 502;\n}\n\/* Hide scrollbar for modern browsers (WebKit, Blink, and Edge) *\/\n::-webkit-scrollbar {\n  width: 0;\n  height: 0;\n}\n\n\/* Hide scrollbar for Firefox *\/\n* {\n  scrollbar-width: none; \/* Firefox *\/\n  -ms-overflow-style: none;  \/* IE 10+ *\/\n}\n\n\/* Ensure the element can still be scrolled *\/\n.scrollable-element {\n  overflow: scroll;\n}\n.secname {\n    white-space: nowrap;\n    word-wrap: break-word;\n    overflow-wrap: break-word;\n    hyphens: none;\n}\n","site-sidebar-layout":"no-sidebar","site-content-layout":"page-builder","ast-site-content-layout":"full-width-container","site-content-style":"unboxed","site-sidebar-style":"unboxed","ast-global-header-display":"","ast-banner-title-visibility":"","ast-main-header-display":"","ast-hfb-above-header-display":"","ast-hfb-below-header-display":"","ast-hfb-mobile-header-display":"","site-post-title":"disabled","ast-breadcrumbs-content":"","ast-featured-img":"disabled","footer-sml-layout":"","theme-transparent-header-meta":"enabled","adv-header-id-meta":"","stick-header-meta":"","header-above-stick-meta":"","header-main-stick-meta":"","header-below-stick-meta":"","astra-migrate-meta-layouts":"set","ast-page-background-enabled":"default","ast-page-background-meta":{"desktop":{"background-color":"var(--ast-global-color-4)","background-image":"","background-repeat":"repeat","background-position":"center center","background-size":"auto","background-attachment":"scroll","background-type":"","background-media":"","overlay-type":"","overlay-color":"","overlay-opacity":"","overlay-gradient":""},"tablet":{"background-color":"","background-image":"","background-repeat":"repeat","background-position":"center center","background-size":"auto","background-attachment":"scroll","background-type":"","background-media":"","overlay-type":"","overlay-color":"","overlay-opacity":"","overlay-gradient":""},"mobile":{"background-color":"","background-image":"","background-repeat":"repeat","background-position":"center center","background-size":"auto","background-attachment":"scroll","background-type":"","background-media":"","overlay-type":"","overlay-color":"","overlay-opacity":"","overlay-gradient":""}},"ast-content-background-meta":{"desktop":{"background-color":"var(--ast-global-color-5)","background-image":"","background-repeat":"repeat","background-position":"center center","background-size":"auto","background-attachment":"scroll","background-type":"","background-media":"","overlay-type":"","overlay-color":"","overlay-opacity":"","overlay-gradient":""},"tablet":{"background-color":"var(--ast-global-color-5)","background-image":"","background-repeat":"repeat","background-position":"center center","background-size":"auto","background-attachment":"scroll","background-type":"","background-media":"","overlay-type":"","overlay-color":"","overlay-opacity":"","overlay-gradient":""},"mobile":{"background-color":"var(--ast-global-color-5)","background-image":"","background-repeat":"repeat","background-position":"center center","background-size":"auto","background-attachment":"scroll","background-type":"","background-media":"","overlay-type":"","overlay-color":"","overlay-opacity":"","overlay-gradient":""}},"footnotes":""},"class_list":["post-2840","page","type-page","status-publish","hentry"],"yoast_head":"<!-- This site is optimized with the Yoast SEO plugin v25.3.1 - https:\/\/yoast.com\/wordpress\/plugins\/seo\/ -->\n<title>REZERWACJE - MEATing<\/title>\n<meta name=\"robots\" content=\"index, follow, max-snippet:-1, max-image-preview:large, max-video-preview:-1\" \/>\n<link rel=\"canonical\" href=\"https:\/\/meating.rest\/en\/rezerwacje\/\" \/>\n<meta property=\"og:locale\" content=\"en_GB\" \/>\n<meta property=\"og:type\" content=\"article\" \/>\n<meta property=\"og:title\" content=\"REZERWACJE - MEATing\" \/>\n<meta property=\"og:description\" content=\"REZERWACJE\" \/>\n<meta property=\"og:url\" content=\"https:\/\/meating.rest\/en\/rezerwacje\/\" \/>\n<meta property=\"og:site_name\" content=\"MEATing\" \/>\n<meta property=\"article:modified_time\" content=\"2024-11-11T18:53:00+00:00\" \/>\n<meta name=\"twitter:card\" content=\"summary_large_image\" \/>\n<meta name=\"twitter:label1\" content=\"Estimated reading time\" \/>\n\t<meta name=\"twitter:data1\" content=\"3 minutes\" \/>\n<script type=\"application\/ld+json\" class=\"yoast-schema-graph\">{\"@context\":\"https:\/\/schema.org\",\"@graph\":[{\"@type\":\"WebPage\",\"@id\":\"https:\/\/meating.rest\/rezerwacje\/\",\"url\":\"https:\/\/meating.rest\/rezerwacje\/\",\"name\":\"REZERWACJE - MEATing\",\"isPartOf\":{\"@id\":\"https:\/\/meating.rest\/#website\"},\"datePublished\":\"2024-11-11T18:44:50+00:00\",\"dateModified\":\"2024-11-11T18:53:00+00:00\",\"breadcrumb\":{\"@id\":\"https:\/\/meating.rest\/rezerwacje\/#breadcrumb\"},\"inLanguage\":\"en-GB\",\"potentialAction\":[{\"@type\":\"ReadAction\",\"target\":[\"https:\/\/meating.rest\/rezerwacje\/\"]}]},{\"@type\":\"BreadcrumbList\",\"@id\":\"https:\/\/meating.rest\/rezerwacje\/#breadcrumb\",\"itemListElement\":[{\"@type\":\"ListItem\",\"position\":1,\"name\":\"Strona g\u0142\u00f3wna\",\"item\":\"https:\/\/meating.rest\/\"},{\"@type\":\"ListItem\",\"position\":2,\"name\":\"REZERWACJE\"}]},{\"@type\":\"WebSite\",\"@id\":\"https:\/\/meating.rest\/#website\",\"url\":\"https:\/\/meating.rest\/\",\"name\":\"MEATing\",\"description\":\"MEATing\",\"publisher\":{\"@id\":\"https:\/\/meating.rest\/#organization\"},\"potentialAction\":[{\"@type\":\"SearchAction\",\"target\":{\"@type\":\"EntryPoint\",\"urlTemplate\":\"https:\/\/meating.rest\/?s={search_term_string}\"},\"query-input\":{\"@type\":\"PropertyValueSpecification\",\"valueRequired\":true,\"valueName\":\"search_term_string\"}}],\"inLanguage\":\"en-GB\"},{\"@type\":\"Organization\",\"@id\":\"https:\/\/meating.rest\/#organization\",\"name\":\"MEATing\",\"url\":\"https:\/\/meating.rest\/\",\"logo\":{\"@type\":\"ImageObject\",\"inLanguage\":\"en-GB\",\"@id\":\"https:\/\/meating.rest\/#\/schema\/logo\/image\/\",\"url\":\"https:\/\/meating.rest\/wp-content\/uploads\/2024\/10\/MEATIN-LOGO-RED.webp\",\"contentUrl\":\"https:\/\/meating.rest\/wp-content\/uploads\/2024\/10\/MEATIN-LOGO-RED.webp\",\"width\":852,\"height\":416,\"caption\":\"MEATing\"},\"image\":{\"@id\":\"https:\/\/meating.rest\/#\/schema\/logo\/image\/\"}}]}<\/script>\n<!-- \/ Yoast SEO plugin. -->","yoast_head_json":{"title":"REZERWACJE - MEATing","robots":{"index":"index","follow":"follow","max-snippet":"max-snippet:-1","max-image-preview":"max-image-preview:large","max-video-preview":"max-video-preview:-1"},"canonical":"https:\/\/meating.rest\/en\/rezerwacje\/","og_locale":"en_GB","og_type":"article","og_title":"REZERWACJE - MEATing","og_description":"REZERWACJE","og_url":"https:\/\/meating.rest\/en\/rezerwacje\/","og_site_name":"MEATing","article_modified_time":"2024-11-11T18:53:00+00:00","twitter_card":"summary_large_image","twitter_misc":{"Estimated reading time":"3 minutes"},"schema":{"@context":"https:\/\/schema.org","@graph":[{"@type":"WebPage","@id":"https:\/\/meating.rest\/rezerwacje\/","url":"https:\/\/meating.rest\/rezerwacje\/","name":"REZERWACJE - MEATing","isPartOf":{"@id":"https:\/\/meating.rest\/#website"},"datePublished":"2024-11-11T18:44:50+00:00","dateModified":"2024-11-11T18:53:00+00:00","breadcrumb":{"@id":"https:\/\/meating.rest\/rezerwacje\/#breadcrumb"},"inLanguage":"en-GB","potentialAction":[{"@type":"ReadAction","target":["https:\/\/meating.rest\/rezerwacje\/"]}]},{"@type":"BreadcrumbList","@id":"https:\/\/meating.rest\/rezerwacje\/#breadcrumb","itemListElement":[{"@type":"ListItem","position":1,"name":"Strona g\u0142\u00f3wna","item":"https:\/\/meating.rest\/"},{"@type":"ListItem","position":2,"name":"REZERWACJE"}]},{"@type":"WebSite","@id":"https:\/\/meating.rest\/#website","url":"https:\/\/meating.rest\/","name":"MEATing","description":"MEATing","publisher":{"@id":"https:\/\/meating.rest\/#organization"},"potentialAction":[{"@type":"SearchAction","target":{"@type":"EntryPoint","urlTemplate":"https:\/\/meating.rest\/?s={search_term_string}"},"query-input":{"@type":"PropertyValueSpecification","valueRequired":true,"valueName":"search_term_string"}}],"inLanguage":"en-GB"},{"@type":"Organization","@id":"https:\/\/meating.rest\/#organization","name":"MEATing","url":"https:\/\/meating.rest\/","logo":{"@type":"ImageObject","inLanguage":"en-GB","@id":"https:\/\/meating.rest\/#\/schema\/logo\/image\/","url":"https:\/\/meating.rest\/wp-content\/uploads\/2024\/10\/MEATIN-LOGO-RED.webp","contentUrl":"https:\/\/meating.rest\/wp-content\/uploads\/2024\/10\/MEATIN-LOGO-RED.webp","width":852,"height":416,"caption":"MEATing"},"image":{"@id":"https:\/\/meating.rest\/#\/schema\/logo\/image\/"}}]}},"uagb_featured_image_src":{"full":false,"thumbnail":false,"medium":false,"medium_large":false,"large":false,"1536x1536":false,"2048x2048":false,"trp-custom-language-flag":false},"uagb_author_info":{"display_name":"admin5778","author_link":"https:\/\/meating.rest\/en\/author\/admin5778\/"},"uagb_comment_info":0,"uagb_excerpt":"REZERWACJE","_links":{"self":[{"href":"https:\/\/meating.rest\/en\/wp-json\/wp\/v2\/pages\/2840","targetHints":{"allow":["GET"]}}],"collection":[{"href":"https:\/\/meating.rest\/en\/wp-json\/wp\/v2\/pages"}],"about":[{"href":"https:\/\/meating.rest\/en\/wp-json\/wp\/v2\/types\/page"}],"author":[{"embeddable":true,"href":"https:\/\/meating.rest\/en\/wp-json\/wp\/v2\/users\/1"}],"replies":[{"embeddable":true,"href":"https:\/\/meating.rest\/en\/wp-json\/wp\/v2\/comments?post=2840"}],"version-history":[{"count":6,"href":"https:\/\/meating.rest\/en\/wp-json\/wp\/v2\/pages\/2840\/revisions"}],"predecessor-version":[{"id":2852,"href":"https:\/\/meating.rest\/en\/wp-json\/wp\/v2\/pages\/2840\/revisions\/2852"}],"wp:attachment":[{"href":"https:\/\/meating.rest\/en\/wp-json\/wp\/v2\/media?parent=2840"}],"curies":[{"name":"wp","href":"https:\/\/api.w.org\/{rel}","templated":true}]}}